{"id":2,"date":"2023-12-13T09:02:31","date_gmt":"2023-12-13T09:02:31","guid":{"rendered":"https:\/\/www.ldlgroup.be\/?page_id=2"},"modified":"2024-02-06T11:27:15","modified_gmt":"2024-02-06T10:27:15","slug":"voorbeeld-pagina","status":"publish","type":"page","link":"https:\/\/www.ldlgroup.be\/fr\/","title":{"rendered":"Laundry Group"},"content":{"rendered":"<div data-elementor-type=\"wp-page\" data-elementor-id=\"2\" class=\"elementor elementor-2\" data-elementor-post-type=\"page\">\n\t\t\t\t<div class=\"elementor-element elementor-element-e838026 e-con-full hero-homepage e-flex e-con e-parent\" data-id=\"e838026\" data-element_type=\"container\" data-e-type=\"container\" id=\"overons\" data-settings=\"{&quot;background_background&quot;:&quot;classic&quot;}\">\n\t\t<div class=\"elementor-element elementor-element-672b33f e-con-full hero-text e-flex e-con e-child\" data-id=\"672b33f\" data-element_type=\"container\" data-e-type=\"container\">\n\t\t\t\t<div class=\"elementor-element elementor-element-9e57e5f elementor-widget elementor-widget-heading\" data-id=\"9e57e5f\" data-element_type=\"widget\" data-e-type=\"widget\" data-widget_type=\"heading.default\">\n\t\t\t\t<div class=\"elementor-widget-container\">\n\t\t\t\t\t<h1 class=\"elementor-heading-title elementor-size-default\">LDL GROUP<\/h1>\t\t\t\t<\/div>\n\t\t\t\t<\/div>\n\t\t\t\t<div class=\"elementor-element elementor-element-34948f1 elementor-widget elementor-widget-text-editor\" data-id=\"34948f1\" data-element_type=\"widget\" data-e-type=\"widget\" data-widget_type=\"text-editor.default\">\n\t\t\t\t<div class=\"elementor-widget-container\">\n\t\t\t\t\t\t\t\t\t<p>LDL Group est une entreprise familiale, comptant 100 employ\u00e9s motiv\u00e9s en Belgique, aux Pays-Bas et en France. Gr\u00e2ce \u00e0 notre large gamme de machines \u00e0 laver et s\u00e9cher, d'\u00e9quipements de repassage et de finition, ainsi que notre \u00e9quipe d\u00e9di\u00e9e de conseil, d'\u00e9tude, d'installation et de service, nous sommes en mesure de concr\u00e9tiser parfaitement votre projet du d\u00e9but \u00e0 la fin. LDL Group vise \u00e0 offrir une valeur ajout\u00e9e \u00e0 ses clients en fournissant des solutions globales professionnelles (machines, installation et service apr\u00e8s-vente) qui facilitent le travail quotidien de l'utilisateur final et contribuent \u00e0 des \u00e9conomies de co\u00fbts.<\/p>\t\t\t\t\t\t\t\t<\/div>\n\t\t\t\t<\/div>\n\t\t\t\t<\/div>\n\t\t<div class=\"elementor-element elementor-element-8bca400 e-con-full elementor-hidden-mobile e-flex e-con e-child\" data-id=\"8bca400\" data-element_type=\"container\" data-e-type=\"container\">\n\t\t\t\t<\/div>\n\t\t\t\t<\/div>\n\t\t<div class=\"elementor-element elementor-element-6e84417 e-grid e-con-full e-con e-parent\" data-id=\"6e84417\" data-element_type=\"container\" data-e-type=\"container\" id=\"equipment\">\n\t\t<div class=\"elementor-element elementor-element-f91f75b animated-slow e-flex e-con-boxed elementor-invisible e-con e-child\" data-id=\"f91f75b\" data-element_type=\"container\" data-e-type=\"container\" data-settings=\"{&quot;animation&quot;:&quot;fadeInLeft&quot;,&quot;animation_delay&quot;:250}\">\n\t\t\t\t\t<div class=\"e-con-inner\">\n\t\t\t\t<div class=\"elementor-element elementor-element-977763b elementor-widget__width-auto elementor-widget elementor-widget-image\" data-id=\"977763b\" data-element_type=\"widget\" data-e-type=\"widget\" data-widget_type=\"image.default\">\n\t\t\t\t<div class=\"elementor-widget-container\">\n\t\t\t\t\t\t\t\t\t\t\t\t\t\t\t<img decoding=\"async\" src=\"https:\/\/www.ldlgroup.be\/wp-content\/uploads\/elementor\/thumbs\/ldl-equip-small-qisenf2fvf3v2so084a6kpxkb8mwbmydff21g67ls0.jpg\" title=\"ldl-equip-small\" alt=\"ldl-equip-small\" loading=\"lazy\" \/>\t\t\t\t\t\t\t\t\t\t\t\t\t\t\t<\/div>\n\t\t\t\t<\/div>\n\t\t\t\t<div class=\"elementor-element elementor-element-170a058 elementor-widget elementor-widget-image\" data-id=\"170a058\" data-element_type=\"widget\" data-e-type=\"widget\" data-widget_type=\"image.default\">\n\t\t\t\t<div class=\"elementor-widget-container\">\n\t\t\t\t\t\t\t\t\t\t\t\t\t\t\t<img fetchpriority=\"high\" decoding=\"async\" width=\"806\" height=\"538\" src=\"https:\/\/www.ldlgroup.be\/wp-content\/uploads\/2023\/12\/Mask-Group-11___media_library_original_806_538.jpg\" class=\"attachment-large size-large wp-image-45\" alt=\"\" srcset=\"https:\/\/www.ldlgroup.be\/wp-content\/uploads\/2023\/12\/Mask-Group-11___media_library_original_806_538.jpg 806w, https:\/\/www.ldlgroup.be\/wp-content\/uploads\/2023\/12\/Mask-Group-11___media_library_original_806_538-300x200.jpg 300w, https:\/\/www.ldlgroup.be\/wp-content\/uploads\/2023\/12\/Mask-Group-11___media_library_original_806_538-768x513.jpg 768w\" sizes=\"(max-width: 806px) 100vw, 806px\" \/>\t\t\t\t\t\t\t\t\t\t\t\t\t\t\t<\/div>\n\t\t\t\t<\/div>\n\t\t\t\t\t<\/div>\n\t\t\t\t<\/div>\n\t\t<div class=\"elementor-element elementor-element-8569484 animated-slow e-flex e-con-boxed elementor-invisible e-con e-child\" data-id=\"8569484\" data-element_type=\"container\" data-e-type=\"container\" data-settings=\"{&quot;animation&quot;:&quot;fadeInLeft&quot;}\">\n\t\t\t\t\t<div class=\"e-con-inner\">\n\t\t\t\t<div class=\"elementor-element elementor-element-4c601b4 elementor-widget elementor-widget-heading\" data-id=\"4c601b4\" data-element_type=\"widget\" data-e-type=\"widget\" data-widget_type=\"heading.default\">\n\t\t\t\t<div class=\"elementor-widget-container\">\n\t\t\t\t\t<h2 class=\"elementor-heading-title elementor-size-default\">LDL Equipment<\/h2>\t\t\t\t<\/div>\n\t\t\t\t<\/div>\n\t\t\t\t<div class=\"elementor-element elementor-element-110797e elementor-widget elementor-widget-text-editor\" data-id=\"110797e\" data-element_type=\"widget\" data-e-type=\"widget\" data-widget_type=\"text-editor.default\">\n\t\t\t\t<div class=\"elementor-widget-container\">\n\t\t\t\t\t\t\t\t\t<p>Sp\u00e9cialis\u00e9e dans la vente de machines d\u00e9di\u00e9es au nettoyage, au s\u00e9chage, au repassage et \u00e0 l'emballage du linge, LDL Group propose \u00e9galement un service d'installation et un service apr\u00e8s-vente dans le march\u00e9 BeLux depuis 2002. De 1985 \u00e0 2002, elle \u00e9tait plus connue sous le nom de Lambert.<\/p>\t\t\t\t\t\t\t\t<\/div>\n\t\t\t\t<\/div>\n\t\t\t\t<div class=\"elementor-element elementor-element-ebdcc02 elementor-widget elementor-widget-button\" data-id=\"ebdcc02\" data-element_type=\"widget\" data-e-type=\"widget\" data-widget_type=\"button.default\">\n\t\t\t\t<div class=\"elementor-widget-container\">\n\t\t\t\t\t\t\t\t\t<div class=\"elementor-button-wrapper\">\n\t\t\t\t\t<a class=\"elementor-button elementor-button-link elementor-size-sm\" href=\"https:\/\/www.ldlnv.be\/fr\" target=\"_blank\">\n\t\t\t\t\t\t<span class=\"elementor-button-content-wrapper\">\n\t\t\t\t\t\t\t\t\t<span class=\"elementor-button-text\">Visitez LDL Equipment<\/span>\n\t\t\t\t\t<\/span>\n\t\t\t\t\t<\/a>\n\t\t\t\t<\/div>\n\t\t\t\t\t\t\t\t<\/div>\n\t\t\t\t<\/div>\n\t\t\t\t\t<\/div>\n\t\t\t\t<\/div>\n\t\t\t\t<\/div>\n\t\t<div class=\"elementor-element elementor-element-4104c75 e-grid e-con-full e-con e-parent\" data-id=\"4104c75\" data-element_type=\"container\" data-e-type=\"container\" id=\"laundry\" data-settings=\"{&quot;background_background&quot;:&quot;classic&quot;}\">\n\t\t<div class=\"elementor-element elementor-element-fd90924 animated-slow e-flex e-con-boxed elementor-invisible e-con e-child\" data-id=\"fd90924\" data-element_type=\"container\" data-e-type=\"container\" data-settings=\"{&quot;animation&quot;:&quot;fadeInRight&quot;}\">\n\t\t\t\t\t<div class=\"e-con-inner\">\n\t\t\t\t<div class=\"elementor-element elementor-element-2dc5d4a elementor-widget elementor-widget-heading\" data-id=\"2dc5d4a\" data-element_type=\"widget\" data-e-type=\"widget\" data-widget_type=\"heading.default\">\n\t\t\t\t<div class=\"elementor-widget-container\">\n\t\t\t\t\t<h2 class=\"elementor-heading-title elementor-size-default\">LDL Laundry<\/h2>\t\t\t\t<\/div>\n\t\t\t\t<\/div>\n\t\t\t\t<div class=\"elementor-element elementor-element-58c7311 elementor-widget elementor-widget-text-editor\" data-id=\"58c7311\" data-element_type=\"widget\" data-e-type=\"widget\" data-widget_type=\"text-editor.default\">\n\t\t\t\t<div class=\"elementor-widget-container\">\n\t\t\t\t\t\t\t\t\t<p>Sp\u00e9cialis\u00e9e dans la vente de machines pour le nettoyage, le s\u00e9chage, le repassage et l'emballage du linge, avec son propre service d'installation et de service apr\u00e8s-vente sur le march\u00e9 n\u00e9erlandais, avec d\u00e9j\u00e0 40 ans d'exp\u00e9rience.<\/p>\t\t\t\t\t\t\t\t<\/div>\n\t\t\t\t<\/div>\n\t\t\t\t<div class=\"elementor-element elementor-element-da364b5 elementor-widget elementor-widget-button\" data-id=\"da364b5\" data-element_type=\"widget\" data-e-type=\"widget\" data-widget_type=\"button.default\">\n\t\t\t\t<div class=\"elementor-widget-container\">\n\t\t\t\t\t\t\t\t\t<div class=\"elementor-button-wrapper\">\n\t\t\t\t\t<a class=\"elementor-button elementor-button-link elementor-size-sm\" href=\"https:\/\/www.laundry.nl\/\" target=\"_blank\">\n\t\t\t\t\t\t<span class=\"elementor-button-content-wrapper\">\n\t\t\t\t\t\t\t\t\t<span class=\"elementor-button-text\">Visitez LDL Laundry<\/span>\n\t\t\t\t\t<\/span>\n\t\t\t\t\t<\/a>\n\t\t\t\t<\/div>\n\t\t\t\t\t\t\t\t<\/div>\n\t\t\t\t<\/div>\n\t\t\t\t\t<\/div>\n\t\t\t\t<\/div>\n\t\t<div class=\"elementor-element elementor-element-cfe4004 animated-slow e-flex e-con-boxed elementor-invisible e-con e-child\" data-id=\"cfe4004\" data-element_type=\"container\" data-e-type=\"container\" data-settings=\"{&quot;animation&quot;:&quot;fadeInRight&quot;,&quot;animation_delay&quot;:250}\">\n\t\t\t\t\t<div class=\"e-con-inner\">\n\t\t\t\t<div class=\"elementor-element elementor-element-5b4011a elementor-widget__width-auto elementor-widget elementor-widget-image\" data-id=\"5b4011a\" data-element_type=\"widget\" data-e-type=\"widget\" data-widget_type=\"image.default\">\n\t\t\t\t<div class=\"elementor-widget-container\">\n\t\t\t\t\t\t\t\t\t\t\t\t\t\t\t<img decoding=\"async\" src=\"https:\/\/www.ldlgroup.be\/wp-content\/uploads\/elementor\/thumbs\/ldl-laundry-logo-qisenf2fvf3v2so084a6kpxkb8mwbmydff21g67ls0.jpg\" title=\"ldl-laundry-logo\" alt=\"ldl-laundry-logo\" loading=\"lazy\" \/>\t\t\t\t\t\t\t\t\t\t\t\t\t\t\t<\/div>\n\t\t\t\t<\/div>\n\t\t\t\t<div class=\"elementor-element elementor-element-873a1c2 elementor-widget elementor-widget-image\" data-id=\"873a1c2\" data-element_type=\"widget\" data-e-type=\"widget\" data-widget_type=\"image.default\">\n\t\t\t\t<div class=\"elementor-widget-container\">\n\t\t\t\t\t\t\t\t\t\t\t\t\t\t\t<img decoding=\"async\" width=\"807\" height=\"538\" src=\"https:\/\/www.ldlgroup.be\/wp-content\/uploads\/2024\/01\/wasmachine.jpg\" class=\"attachment-large size-large wp-image-111\" alt=\"\" srcset=\"https:\/\/www.ldlgroup.be\/wp-content\/uploads\/2024\/01\/wasmachine.jpg 807w, https:\/\/www.ldlgroup.be\/wp-content\/uploads\/2024\/01\/wasmachine-300x200.jpg 300w, https:\/\/www.ldlgroup.be\/wp-content\/uploads\/2024\/01\/wasmachine-768x512.jpg 768w\" sizes=\"(max-width: 807px) 100vw, 807px\" \/>\t\t\t\t\t\t\t\t\t\t\t\t\t\t\t<\/div>\n\t\t\t\t<\/div>\n\t\t\t\t\t<\/div>\n\t\t\t\t<\/div>\n\t\t\t\t<\/div>\n\t\t<div class=\"elementor-element elementor-element-9d8d719 e-grid e-con-full e-con e-parent\" data-id=\"9d8d719\" data-element_type=\"container\" data-e-type=\"container\" id=\"rent\">\n\t\t<div class=\"elementor-element elementor-element-74f5d49 animated-slow e-flex e-con-boxed elementor-invisible e-con e-child\" data-id=\"74f5d49\" data-element_type=\"container\" data-e-type=\"container\" data-settings=\"{&quot;animation&quot;:&quot;fadeInLeft&quot;,&quot;animation_delay&quot;:250}\">\n\t\t\t\t\t<div class=\"e-con-inner\">\n\t\t\t\t<div class=\"elementor-element elementor-element-b9f18ca elementor-widget__width-auto elementor-widget elementor-widget-image\" data-id=\"b9f18ca\" data-element_type=\"widget\" data-e-type=\"widget\" data-widget_type=\"image.default\">\n\t\t\t\t<div class=\"elementor-widget-container\">\n\t\t\t\t\t\t\t\t\t\t\t\t\t\t\t<img decoding=\"async\" src=\"https:\/\/www.ldlgroup.be\/wp-content\/uploads\/elementor\/thumbs\/ldl-rent-small-1-qisenf2fvf3v2so084a6kpxkb8mwbmydff21g67ls0.jpg\" title=\"ldl-rent-small\" alt=\"ldl-rent-small\" loading=\"lazy\" \/>\t\t\t\t\t\t\t\t\t\t\t\t\t\t\t<\/div>\n\t\t\t\t<\/div>\n\t\t\t\t<div class=\"elementor-element elementor-element-c377a81 elementor-widget elementor-widget-image\" data-id=\"c377a81\" data-element_type=\"widget\" data-e-type=\"widget\" data-widget_type=\"image.default\">\n\t\t\t\t<div class=\"elementor-widget-container\">\n\t\t\t\t\t\t\t\t\t\t\t\t\t\t\t<img decoding=\"async\" width=\"639\" height=\"426\" src=\"https:\/\/www.ldlgroup.be\/wp-content\/uploads\/2024\/01\/wasmachine.png\" class=\"attachment-medium_large size-medium_large wp-image-337\" alt=\"\" srcset=\"https:\/\/www.ldlgroup.be\/wp-content\/uploads\/2024\/01\/wasmachine.png 639w, https:\/\/www.ldlgroup.be\/wp-content\/uploads\/2024\/01\/wasmachine-300x200.png 300w, https:\/\/www.ldlgroup.be\/wp-content\/uploads\/2024\/01\/wasmachine-18x12.png 18w\" sizes=\"(max-width: 639px) 100vw, 639px\" \/>\t\t\t\t\t\t\t\t\t\t\t\t\t\t\t<\/div>\n\t\t\t\t<\/div>\n\t\t\t\t\t<\/div>\n\t\t\t\t<\/div>\n\t\t<div class=\"elementor-element elementor-element-1ee214c animated-slow e-flex e-con-boxed elementor-invisible e-con e-child\" data-id=\"1ee214c\" data-element_type=\"container\" data-e-type=\"container\" data-settings=\"{&quot;animation&quot;:&quot;fadeInLeft&quot;}\">\n\t\t\t\t\t<div class=\"e-con-inner\">\n\t\t\t\t<div class=\"elementor-element elementor-element-778acd5 elementor-widget elementor-widget-heading\" data-id=\"778acd5\" data-element_type=\"widget\" data-e-type=\"widget\" data-widget_type=\"heading.default\">\n\t\t\t\t<div class=\"elementor-widget-container\">\n\t\t\t\t\t<h2 class=\"elementor-heading-title elementor-size-default\">LDL Rent<\/h2>\t\t\t\t<\/div>\n\t\t\t\t<\/div>\n\t\t\t\t<div class=\"elementor-element elementor-element-af0dab8 elementor-widget elementor-widget-text-editor\" data-id=\"af0dab8\" data-element_type=\"widget\" data-e-type=\"widget\" data-widget_type=\"text-editor.default\">\n\t\t\t\t<div class=\"elementor-widget-container\">\n\t\t\t\t\t\t\t\t\t<p>Depuis l'an 2000, notre entreprise est sp\u00e9cialis\u00e9e dans tout ce qui concerne les machines professionnelles de lavage et de s\u00e9chage. Nous proposons \u00e0 la fois la location et la vente de machines \u00e0 laver et de s\u00e9cheuses de diff\u00e9rentes tailles.<\/p>\t\t\t\t\t\t\t\t<\/div>\n\t\t\t\t<\/div>\n\t\t\t\t<div class=\"elementor-element elementor-element-d436ca1 elementor-widget elementor-widget-button\" data-id=\"d436ca1\" data-element_type=\"widget\" data-e-type=\"widget\" data-widget_type=\"button.default\">\n\t\t\t\t<div class=\"elementor-widget-container\">\n\t\t\t\t\t\t\t\t\t<div class=\"elementor-button-wrapper\">\n\t\t\t\t\t<a class=\"elementor-button elementor-button-link elementor-size-sm\" href=\"http:\/\/www.aquabright-rent.be\/index-fr.html\" target=\"_blank\">\n\t\t\t\t\t\t<span class=\"elementor-button-content-wrapper\">\n\t\t\t\t\t\t\t\t\t<span class=\"elementor-button-text\">Visitez LDL Rent<\/span>\n\t\t\t\t\t<\/span>\n\t\t\t\t\t<\/a>\n\t\t\t\t<\/div>\n\t\t\t\t\t\t\t\t<\/div>\n\t\t\t\t<\/div>\n\t\t\t\t\t<\/div>\n\t\t\t\t<\/div>\n\t\t\t\t<\/div>\n\t\t<div class=\"elementor-element elementor-element-9b20561 e-grid e-con-full e-con e-parent\" data-id=\"9b20561\" data-element_type=\"container\" data-e-type=\"container\" id=\"unibel\" data-settings=\"{&quot;background_background&quot;:&quot;classic&quot;}\">\n\t\t<div class=\"elementor-element elementor-element-adb7d21 animated-slow e-flex e-con-boxed elementor-invisible e-con e-child\" data-id=\"adb7d21\" data-element_type=\"container\" data-e-type=\"container\" data-settings=\"{&quot;animation&quot;:&quot;fadeInRight&quot;}\">\n\t\t\t\t\t<div class=\"e-con-inner\">\n\t\t\t\t<div class=\"elementor-element elementor-element-83b2976 elementor-widget elementor-widget-heading\" data-id=\"83b2976\" data-element_type=\"widget\" data-e-type=\"widget\" data-widget_type=\"heading.default\">\n\t\t\t\t<div class=\"elementor-widget-container\">\n\t\t\t\t\t<h2 class=\"elementor-heading-title elementor-size-default\">Unibel<\/h2>\t\t\t\t<\/div>\n\t\t\t\t<\/div>\n\t\t\t\t<div class=\"elementor-element elementor-element-eb776d8 elementor-widget elementor-widget-text-editor\" data-id=\"eb776d8\" data-element_type=\"widget\" data-e-type=\"widget\" data-widget_type=\"text-editor.default\">\n\t\t\t\t<div class=\"elementor-widget-container\">\n\t\t\t\t\t\t\t\t\t<p>Nous sommes sp\u00e9cialis\u00e9s dans la vente de chaudi\u00e8res \u00e0 vapeur et de g\u00e9n\u00e9rateurs de vapeur, avec notre service d'installation qui prend en charge l'ensemble du processus. Depuis 1985, vous pouvez \u00e9galement faire appel \u00e0 notre service de r\u00e9paration si n\u00e9cessaire.<\/p>\t\t\t\t\t\t\t\t<\/div>\n\t\t\t\t<\/div>\n\t\t\t\t<div class=\"elementor-element elementor-element-b986825 elementor-widget elementor-widget-button\" data-id=\"b986825\" data-element_type=\"widget\" data-e-type=\"widget\" data-widget_type=\"button.default\">\n\t\t\t\t<div class=\"elementor-widget-container\">\n\t\t\t\t\t\t\t\t\t<div class=\"elementor-button-wrapper\">\n\t\t\t\t\t<a class=\"elementor-button elementor-button-link elementor-size-sm\" href=\"https:\/\/unibel.be\/nl\" target=\"_blank\">\n\t\t\t\t\t\t<span class=\"elementor-button-content-wrapper\">\n\t\t\t\t\t\t\t\t\t<span class=\"elementor-button-text\">Bezoek Unibel<\/span>\n\t\t\t\t\t<\/span>\n\t\t\t\t\t<\/a>\n\t\t\t\t<\/div>\n\t\t\t\t\t\t\t\t<\/div>\n\t\t\t\t<\/div>\n\t\t\t\t\t<\/div>\n\t\t\t\t<\/div>\n\t\t<div class=\"elementor-element elementor-element-41072ef animated-slow e-flex e-con-boxed elementor-invisible e-con e-child\" data-id=\"41072ef\" data-element_type=\"container\" data-e-type=\"container\" data-settings=\"{&quot;animation&quot;:&quot;fadeInRight&quot;,&quot;animation_delay&quot;:250}\">\n\t\t\t\t\t<div class=\"e-con-inner\">\n\t\t\t\t<div class=\"elementor-element elementor-element-0e8db3e elementor-widget elementor-widget-image\" data-id=\"0e8db3e\" data-element_type=\"widget\" data-e-type=\"widget\" data-widget_type=\"image.default\">\n\t\t\t\t<div class=\"elementor-widget-container\">\n\t\t\t\t\t\t\t\t\t\t\t\t\t\t\t<img decoding=\"async\" src=\"https:\/\/www.ldlgroup.be\/wp-content\/uploads\/elementor\/thumbs\/LDL_Unibel_quadri-small-qisenf2fvf3oxtgpxaog0l6k733mxvd0ndeoua94ao.jpg\" title=\"LDL_Unibel_quadri-small\" alt=\"LDL_Unibel_quadri-small\" loading=\"lazy\" \/>\t\t\t\t\t\t\t\t\t\t\t\t\t\t\t<\/div>\n\t\t\t\t<\/div>\n\t\t\t\t<div class=\"elementor-element elementor-element-568f043 elementor-widget elementor-widget-image\" data-id=\"568f043\" data-element_type=\"widget\" data-e-type=\"widget\" data-widget_type=\"image.default\">\n\t\t\t\t<div class=\"elementor-widget-container\">\n\t\t\t\t\t\t\t\t\t\t\t\t\t\t\t<img loading=\"lazy\" decoding=\"async\" width=\"1024\" height=\"800\" src=\"https:\/\/www.ldlgroup.be\/wp-content\/uploads\/2024\/01\/hot-water-1024x800.jpg\" class=\"attachment-large size-large wp-image-63\" alt=\"\" srcset=\"https:\/\/www.ldlgroup.be\/wp-content\/uploads\/2024\/01\/hot-water-1024x800.jpg 1024w, https:\/\/www.ldlgroup.be\/wp-content\/uploads\/2024\/01\/hot-water-300x234.jpg 300w, https:\/\/www.ldlgroup.be\/wp-content\/uploads\/2024\/01\/hot-water-768x600.jpg 768w, https:\/\/www.ldlgroup.be\/wp-content\/uploads\/2024\/01\/hot-water-1536x1200.jpg 1536w, https:\/\/www.ldlgroup.be\/wp-content\/uploads\/2024\/01\/hot-water.jpg 1920w\" sizes=\"(max-width: 1024px) 100vw, 1024px\" \/>\t\t\t\t\t\t\t\t\t\t\t\t\t\t\t<\/div>\n\t\t\t\t<\/div>\n\t\t\t\t\t<\/div>\n\t\t\t\t<\/div>\n\t\t\t\t<\/div>\n\t\t<div class=\"elementor-element elementor-element-a0785ee e-grid e-con-full e-con e-parent\" data-id=\"a0785ee\" data-element_type=\"container\" data-e-type=\"container\" id=\"meetenwash\">\n\t\t<div class=\"elementor-element elementor-element-9c18fd8 animated-slow e-flex e-con-boxed elementor-invisible e-con e-child\" data-id=\"9c18fd8\" data-element_type=\"container\" data-e-type=\"container\" data-settings=\"{&quot;animation&quot;:&quot;fadeInLeft&quot;,&quot;animation_delay&quot;:250}\">\n\t\t\t\t\t<div class=\"e-con-inner\">\n\t\t\t\t<div class=\"elementor-element elementor-element-a85eb12 elementor-widget__width-initial elementor-widget elementor-widget-image\" data-id=\"a85eb12\" data-element_type=\"widget\" data-e-type=\"widget\" data-widget_type=\"image.default\">\n\t\t\t\t<div class=\"elementor-widget-container\">\n\t\t\t\t\t\t\t\t\t\t\t\t\t\t\t<img loading=\"lazy\" decoding=\"async\" width=\"294\" height=\"300\" src=\"https:\/\/www.ldlgroup.be\/wp-content\/uploads\/2024\/01\/logo-m-w-294x300.jpg\" class=\"attachment-medium size-medium wp-image-143\" alt=\"\" srcset=\"https:\/\/www.ldlgroup.be\/wp-content\/uploads\/2024\/01\/logo-m-w-294x300.jpg 294w, https:\/\/www.ldlgroup.be\/wp-content\/uploads\/2024\/01\/logo-m-w.jpg 485w\" sizes=\"(max-width: 294px) 100vw, 294px\" \/>\t\t\t\t\t\t\t\t\t\t\t\t\t\t\t<\/div>\n\t\t\t\t<\/div>\n\t\t\t\t<div class=\"elementor-element elementor-element-7fff349 elementor-widget elementor-widget-image\" data-id=\"7fff349\" data-element_type=\"widget\" data-e-type=\"widget\" data-widget_type=\"image.default\">\n\t\t\t\t<div class=\"elementor-widget-container\">\n\t\t\t\t\t\t\t\t\t\t\t\t\t\t\t<img loading=\"lazy\" decoding=\"async\" width=\"768\" height=\"513\" src=\"https:\/\/www.ldlgroup.be\/wp-content\/uploads\/2024\/01\/content-3-768x513.jpg\" class=\"attachment-medium_large size-medium_large wp-image-144\" alt=\"\" srcset=\"https:\/\/www.ldlgroup.be\/wp-content\/uploads\/2024\/01\/content-3-768x513.jpg 768w, https:\/\/www.ldlgroup.be\/wp-content\/uploads\/2024\/01\/content-3-300x200.jpg 300w, https:\/\/www.ldlgroup.be\/wp-content\/uploads\/2024\/01\/content-3-1024x684.jpg 1024w, https:\/\/www.ldlgroup.be\/wp-content\/uploads\/2024\/01\/content-3-1536x1026.jpg 1536w, https:\/\/www.ldlgroup.be\/wp-content\/uploads\/2024\/01\/content-3.jpg 1920w\" sizes=\"(max-width: 768px) 100vw, 768px\" \/>\t\t\t\t\t\t\t\t\t\t\t\t\t\t\t<\/div>\n\t\t\t\t<\/div>\n\t\t\t\t\t<\/div>\n\t\t\t\t<\/div>\n\t\t<div class=\"elementor-element elementor-element-92effa8 e-flex e-con-boxed elementor-invisible e-con e-child\" data-id=\"92effa8\" data-element_type=\"container\" data-e-type=\"container\" data-settings=\"{&quot;animation&quot;:&quot;fadeInLeft&quot;}\">\n\t\t\t\t\t<div class=\"e-con-inner\">\n\t\t\t\t<div class=\"elementor-element elementor-element-5dc59d6 elementor-widget elementor-widget-heading\" data-id=\"5dc59d6\" data-element_type=\"widget\" data-e-type=\"widget\" data-widget_type=\"heading.default\">\n\t\t\t\t<div class=\"elementor-widget-container\">\n\t\t\t\t\t<h2 class=\"elementor-heading-title elementor-size-default\">Meet &amp; Wash<\/h2>\t\t\t\t<\/div>\n\t\t\t\t<\/div>\n\t\t\t\t<div class=\"elementor-element elementor-element-906998b elementor-widget elementor-widget-text-editor\" data-id=\"906998b\" data-element_type=\"widget\" data-e-type=\"widget\" data-widget_type=\"text-editor.default\">\n\t\t\t\t<div class=\"elementor-widget-container\">\n\t\t\t\t\t\t\t\t\t<p>Un service de blanchisserie complet. Des machines \u00e0 laver et des s\u00e9choirs sont install\u00e9s gratuitement pour un usage collectif. Cela peut \u00eatre dans des immeubles d'appartements, des logements de services, des r\u00e9sidences \u00e9tudiantes ou d'autres espaces de vie communautaires.<\/p>\t\t\t\t\t\t\t\t<\/div>\n\t\t\t\t<\/div>\n\t\t\t\t<div class=\"elementor-element elementor-element-e5c86c2 elementor-widget elementor-widget-button\" data-id=\"e5c86c2\" data-element_type=\"widget\" data-e-type=\"widget\" data-widget_type=\"button.default\">\n\t\t\t\t<div class=\"elementor-widget-container\">\n\t\t\t\t\t\t\t\t\t<div class=\"elementor-button-wrapper\">\n\t\t\t\t\t<a class=\"elementor-button elementor-button-link elementor-size-sm\" href=\"https:\/\/www.meetandwash.eu\/fr\" target=\"_blank\">\n\t\t\t\t\t\t<span class=\"elementor-button-content-wrapper\">\n\t\t\t\t\t\t\t\t\t<span class=\"elementor-button-text\">Bezoek Meet &amp; Wash<\/span>\n\t\t\t\t\t<\/span>\n\t\t\t\t\t<\/a>\n\t\t\t\t<\/div>\n\t\t\t\t\t\t\t\t<\/div>\n\t\t\t\t<\/div>\n\t\t\t\t\t<\/div>\n\t\t\t\t<\/div>\n\t\t\t\t<\/div>\n\t\t\t\t<\/div>","protected":false},"excerpt":{"rendered":"<p>LDL GROUP LDL Group is een familiale onderneming, met 100 gemotiveerde medewerkers in Belgi\u00eb, Nederland en Frankrijk. Dankzij ons uitgebreide aanbod van was- en droogmachines, strijk- en afwerkapparatuur, evenals ons toegewijde advies-, studie-, installatie- en serviceteam, zijn wij in staat om uw project van begin tot eind perfect te realiseren. LDL Group wil de klanten &#8230; <a title=\"Laundry Group\" class=\"read-more\" href=\"https:\/\/www.ldlgroup.be\/fr\/\" aria-label=\"En savoir plus sur Laundry Group\">Lire la suite<\/a><\/p>","protected":false},"author":1,"featured_media":0,"parent":0,"menu_order":0,"comment_status":"closed","ping_status":"open","template":"elementor_header_footer","meta":{"_acf_changed":false,"footnotes":""},"class_list":["post-2","page","type-page","status-publish"],"acf":[],"_links":{"self":[{"href":"https:\/\/www.ldlgroup.be\/fr\/wp-json\/wp\/v2\/pages\/2","targetHints":{"allow":["GET"]}}],"collection":[{"href":"https:\/\/www.ldlgroup.be\/fr\/wp-json\/wp\/v2\/pages"}],"about":[{"href":"https:\/\/www.ldlgroup.be\/fr\/wp-json\/wp\/v2\/types\/page"}],"author":[{"embeddable":true,"href":"https:\/\/www.ldlgroup.be\/fr\/wp-json\/wp\/v2\/users\/1"}],"replies":[{"embeddable":true,"href":"https:\/\/www.ldlgroup.be\/fr\/wp-json\/wp\/v2\/comments?post=2"}],"version-history":[{"count":244,"href":"https:\/\/www.ldlgroup.be\/fr\/wp-json\/wp\/v2\/pages\/2\/revisions"}],"predecessor-version":[{"id":540,"href":"https:\/\/www.ldlgroup.be\/fr\/wp-json\/wp\/v2\/pages\/2\/revisions\/540"}],"wp:attachment":[{"href":"https:\/\/www.ldlgroup.be\/fr\/wp-json\/wp\/v2\/media?parent=2"}],"curies":[{"name":"wp","href":"https:\/\/api.w.org\/{rel}","templated":true}]}}