{"id":245,"date":"2024-01-12T11:02:46","date_gmt":"2024-01-12T10:02:46","guid":{"rendered":"https:\/\/www.ldlgroup.be\/?page_id=245"},"modified":"2024-01-12T14:25:43","modified_gmt":"2024-01-12T13:25:43","slug":"privacyverklaring","status":"publish","type":"page","link":"https:\/\/www.ldlgroup.be\/fr\/privacyverklaring","title":{"rendered":"D\u00e9claration de confidentialit\u00e9"},"content":{"rendered":"<div data-elementor-type=\"wp-page\" data-elementor-id=\"245\" class=\"elementor elementor-245\" data-elementor-post-type=\"page\">\n\t\t\t\t<div class=\"elementor-element elementor-element-c782aae e-con-full e-flex e-con e-parent\" data-id=\"c782aae\" data-element_type=\"container\" data-e-type=\"container\" data-settings=\"{&quot;background_background&quot;:&quot;classic&quot;}\">\n\t\t<div class=\"elementor-element elementor-element-39796ec e-con-full e-flex e-con e-child\" data-id=\"39796ec\" data-element_type=\"container\" data-e-type=\"container\">\n\t\t\t\t<div class=\"elementor-element elementor-element-292149a elementor-widget elementor-widget-heading\" data-id=\"292149a\" data-element_type=\"widget\" data-e-type=\"widget\" data-widget_type=\"heading.default\">\n\t\t\t\t<div class=\"elementor-widget-container\">\n\t\t\t\t\t<h1 class=\"elementor-heading-title elementor-size-default\">D\u00e9claration de confidentialit\u00e9<\/h1>\t\t\t\t<\/div>\n\t\t\t\t<\/div>\n\t\t\t\t<\/div>\n\t\t<div class=\"elementor-element elementor-element-e04f39e e-con-full elementor-hidden-mobile e-flex e-con e-child\" data-id=\"e04f39e\" data-element_type=\"container\" data-e-type=\"container\">\n\t\t\t\t<\/div>\n\t\t\t\t<\/div>\n\t\t<div class=\"elementor-element elementor-element-dd91f11 e-grid e-con-full e-con e-parent\" data-id=\"dd91f11\" data-element_type=\"container\" data-e-type=\"container\">\n\t\t<div class=\"elementor-element elementor-element-a23b249 e-flex e-con-boxed e-con e-child\" data-id=\"a23b249\" data-element_type=\"container\" data-e-type=\"container\">\n\t\t\t\t\t<div class=\"e-con-inner\">\n\t\t\t\t<div class=\"elementor-element elementor-element-727f421 elementor-widget elementor-widget-heading\" data-id=\"727f421\" data-element_type=\"widget\" data-e-type=\"widget\" data-widget_type=\"heading.default\">\n\t\t\t\t<div class=\"elementor-widget-container\">\n\t\t\t\t\t<h2 class=\"elementor-heading-title elementor-size-default\">D\u00e9claration de confidentialit\u00e9<\/h2>\t\t\t\t<\/div>\n\t\t\t\t<\/div>\n\t\t\t\t<div class=\"elementor-element elementor-element-e849347 elementor-widget elementor-widget-text-editor\" data-id=\"e849347\" data-element_type=\"widget\" data-e-type=\"widget\" data-widget_type=\"text-editor.default\">\n\t\t\t\t<div class=\"elementor-widget-container\">\n\t\t\t\t\t\t\t\t\t<h3>Article 1 : G\u00e9n\u00e9ralit\u00e9s<\/h3><p><span style=\"text-align: var(--text-align); background-color: var(--base-3); color: var(--contrast);\">La SA LDL Equipment (ci-apr\u00e8s d\u00e9nomm\u00e9e LDL), dont le si\u00e8ge social est situ\u00e9 9800 DEINZE, Europalaan 60-64, avec le num\u00e9ro d'entreprise BE 0476692642, est responsable du traitement des donn\u00e9es personnelles comme indiqu\u00e9 dans la pr\u00e9sente d\u00e9claration de confidentialit\u00e9. LDL prend soin de votre vie priv\u00e9e et agit toujours conform\u00e9ment \u00e0 la r\u00e9glementation belge et europ\u00e9enne en mati\u00e8re de traitement des donn\u00e9es personnelles. Cette d\u00e9claration de confidentialit\u00e9 contient des informations sur la mani\u00e8re dont les donn\u00e9es personnelles sont collect\u00e9es et trait\u00e9es par NV LDL Equipment.<\/span><\/p><h3><span style=\"text-align: var(--text-align); background-color: var(--base-3); color: var(--contrast);\">Article 2 : Traitement des donn\u00e9es personnelles<\/span><\/h3><p><span style=\"text-align: var(--text-align); background-color: var(--base-3); color: var(--contrast);\">En utilisant ce site Internet et\/ou en fournissant vos donn\u00e9es personnelles, vous acceptez express\u00e9ment la mani\u00e8re dont LDL collecte et traite les donn\u00e9es personnelles. M. Johan Stuyven (Johan.Stuyven@ldlnv.be) est responsable du traitement des donn\u00e9es personnelles.<\/span><\/p><h3><span style=\"text-align: var(--text-align); background-color: var(--base-3); color: var(--contrast);\">Article 3 : Sites tiers et cookies<\/span><\/h3><p><span style=\"text-align: var(--text-align); background-color: var(--base-3); color: var(--contrast);\">Cette d\u00e9claration de confidentialit\u00e9 ne s'applique pas aux sites Web de tiers qui sont connect\u00e9s \u00e0 ce site Web via des liens. Nous ne pouvons pas garantir que ces tiers traitent vos donn\u00e9es personnelles de mani\u00e8re fiable ou s\u00e9curis\u00e9e. Nous vous recommandons de lire la d\u00e9claration de confidentialit\u00e9 de ces sites Web avant d'utiliser ces sites Web. Nous utilisons \u00e9galement des cookies sur ce site Web. Un cookie est un simple petit fichier envoy\u00e9 avec les pages de ce site Web et stock\u00e9 par votre navigateur sur le disque dur de votre ordinateur. Les informations qui y sont stock\u00e9es peuvent \u00eatre renvoy\u00e9es vers nos serveurs ou ceux des tiers concern\u00e9s lors d'une visite ult\u00e9rieure. Vous pouvez vous d\u00e9sinscrire des cookies en param\u00e9trant votre navigateur internet pour qu'il ne stocke plus de cookies. De plus, vous pouvez \u00e9galement supprimer toutes les informations pr\u00e9c\u00e9demment stock\u00e9es via les param\u00e8tres de votre navigateur.<\/span><\/p><h3><span style=\"text-align: var(--text-align); background-color: var(--base-3); color: var(--contrast);\">Article 4 : Partage de donn\u00e9es personnelles<\/span><\/h3><p><span style=\"text-align: var(--text-align); background-color: var(--base-3); color: var(--contrast);\">LDL peut \u00e9changer les donn\u00e9es personnelles trait\u00e9es avec des soci\u00e9t\u00e9s m\u00e8res, s\u0153urs et filiales au sein de son propre groupe en Belgique. Par ailleurs, les donn\u00e9es personnelles peuvent \u00e9galement \u00eatre partag\u00e9es avec des partenaires, fournisseurs ou autres mandataires de LDL lorsque le traitement par ces tiers est n\u00e9cessaire \u00e0 la cr\u00e9ation, la mise en \u0153uvre, l'utilisation, l'achat, l'acc\u00e8s ou la manipulation de produits, services, etc. Les accords n\u00e9cessaires ont toujours \u00e9t\u00e9 conclus avec ces partenaires, fournisseurs ou autres personnes d\u00e9sign\u00e9es qui limitent l'utilisation et le traitement de vos donn\u00e9es personnelles et garantissent une protection suffisante de vos donn\u00e9es personnelles. Nos partenaires, fournisseurs ou autres personnes mandat\u00e9es ne peuvent utiliser vos donn\u00e9es personnelles pour vous envoyer des offres, des newsletters et d'autres informations commerciales que si vous avez donn\u00e9 votre autorisation distincte \u00e0 cet effet. Si vous ne souhaitez plus les recevoir, vous pouvez toujours contacter ces tiers pour mettre fin \u00e0 cette utilisation des donn\u00e9es personnelles.<\/span><\/p><p><span style=\"text-align: var(--text-align); background-color: var(--base-3); color: var(--contrast);\">Il n'y a aucun \u00e9change de donn\u00e9es avec des partenaires, fournisseurs ou autres personnes d\u00e9sign\u00e9es\u00a0<\/span><span style=\"text-align: var(--text-align); background-color: var(--base-3); color: var(--contrast);\">sont situ\u00e9s en dehors de l\u2019Union europ\u00e9enne.<\/span><\/p><h3>Article 5 : Types de donn\u00e9es personnelles<\/h3><p><span style=\"text-align: var(--text-align); background-color: var(--base-3); color: var(--contrast);\">Door LDL wordt uw naam, e-mailadres, telefoonnummer, etc\u2026verzameld die u hebt meegedeeld bij het invullen van een contactformulier of een verzoek tot technische interventie\/technische info. Daarnaast registreert LDL bij uw bezoek aan de website uw IP-adres, uw browser en besturingssysteem, de externe website die u heeft doorverwezen\u2026. Deze informatie wordt enkel verzameld voor statistische doeleinden en voor de verdere verbetering van de website.<\/span><\/p><h3>Artikel 6: Wijze waarop persoonsgegevens worden verzameld<\/h3><p>Les donn\u00e9es personnelles vous concernant sont collect\u00e9es via le site Internet lorsque vous remplissez un formulaire de contact ou lorsque vous demandez une intervention technique\/des informations techniques.<\/p><h3><span style=\"text-align: var(--text-align); background-color: var(--base-3); color: var(--contrast);\">Article 7 : Finalit\u00e9s de la collecte de donn\u00e9es personnelles<\/span><\/h3><p>LDL utilise les donn\u00e9es que vous fournissez via le site Internet uniquement pour fournir les informations demand\u00e9es ou pour r\u00e9pondre \u00e0 votre demande. Vous acceptez \u00e9galement express\u00e9ment que vos donn\u00e9es soient utilis\u00e9es par LDL \u00e0 des fins de marketing direct.<\/p><h3><span style=\"text-align: var(--text-align); background-color: var(--base-3); color: var(--contrast);\">Article 8 : La dur\u00e9e de conservation de vos donn\u00e9es personnelles<\/span><\/h3><p>Vos donn\u00e9es personnelles seront conserv\u00e9es aussi longtemps que n\u00e9cessaire pour atteindre les objectifs vis\u00e9s. S'il existe une relation contractuelle entre LDL et vous-m\u00eame, vos donn\u00e9es seront conserv\u00e9es pendant toute la dur\u00e9e de la relation contractuelle et pendant cinq ans apr\u00e8s sa r\u00e9siliation.<\/p><h3><span style=\"text-align: var(--text-align); background-color: var(--base-3); color: var(--contrast);\">Article 9 : Vos droits<\/span><\/h3><p>Vous avez le droit de consulter vos donn\u00e9es personnelles et, si n\u00e9cessaire, de les rectifier ou de les compl\u00e9ter. Vous avez \u00e9galement le droit d'obtenir une copie de vos donn\u00e9es personnelles. Vous pouvez \u00e9galement vous opposer \u00e0 tout moment et gratuitement au traitement de vos donn\u00e9es personnelles \u00e0 des fins de marketing direct. Dans ce contexte, veuillez adresser votre opposition \u00e9crite, dat\u00e9e et sign\u00e9e \u00e0 (Johan.Stuyven@ldlnv.be) et joindre une copie de votre carte d'identit\u00e9. Vous pouvez \u00e9galement toujours contacter la Commission belge de la vie priv\u00e9e si vous avez besoin de plus amples informations ou si vous n'\u00eates pas d'accord avec la position prise par LDL. Vous trouverez toutes les informations n\u00e9cessaires \u00e0 cet effet sur le site Internet de la Commission belge de la vie priv\u00e9e : www.privacycommission.be.<\/p><h3><span style=\"text-align: var(--text-align); background-color: var(--base-3); color: var(--contrast);\">Article 10 : Modifications de la politique de confidentialit\u00e9<\/span><\/h3><p>LDL se r\u00e9serve le droit de modifier la politique de confidentialit\u00e9 actuelle pour se conformer aux lois applicables en mati\u00e8re de confidentialit\u00e9.<\/p><h3>Article 11 : Loi applicable et tribunal comp\u00e9tent<\/h3><p>Cette d\u00e9claration de confidentialit\u00e9 est soumise au droit belge. Tout litige concernant l'interpr\u00e9tation ou l'application de la pr\u00e9sente d\u00e9claration de confidentialit\u00e9 rel\u00e8ve de la comp\u00e9tence des tribunaux de GAND, \u00e0 moins que la loi ne prescrit un tribunal diff\u00e9rent.<\/p>\t\t\t\t\t\t\t\t<\/div>\n\t\t\t\t<\/div>\n\t\t\t\t\t<\/div>\n\t\t\t\t<\/div>\n\t\t\t\t<\/div>\n\t\t\t\t<\/div>","protected":false},"excerpt":{"rendered":"<p>Privacyverklaring Artikel 1: Algemeen NV LDL Equipment (hierna LDL genoemd), met maatschappelijke zetel gevestigd te 9800 DEINZE, Europalaan 60-64, met ondernemingsnummer BE 0476692642, is verantwoordelijk voor de verwerking van personengegevens zoals weergegeven in deze privacyverklaring. LDL draagt zorg voor uw privacy en handelt hierbij steeds in overeenstemming met de Belgische en Europese regelgeving inzake de &#8230; <a title=\"D\u00e9claration de confidentialit\u00e9\" class=\"read-more\" href=\"https:\/\/www.ldlgroup.be\/fr\/privacyverklaring\" aria-label=\"En savoir plus sur Privacyverklaring\">Lire la suite<\/a><\/p>","protected":false},"author":1,"featured_media":0,"parent":0,"menu_order":0,"comment_status":"closed","ping_status":"closed","template":"","meta":{"_acf_changed":false,"footnotes":""},"class_list":["post-245","page","type-page","status-publish"],"acf":[],"_links":{"self":[{"href":"https:\/\/www.ldlgroup.be\/fr\/wp-json\/wp\/v2\/pages\/245","targetHints":{"allow":["GET"]}}],"collection":[{"href":"https:\/\/www.ldlgroup.be\/fr\/wp-json\/wp\/v2\/pages"}],"about":[{"href":"https:\/\/www.ldlgroup.be\/fr\/wp-json\/wp\/v2\/types\/page"}],"author":[{"embeddable":true,"href":"https:\/\/www.ldlgroup.be\/fr\/wp-json\/wp\/v2\/users\/1"}],"replies":[{"embeddable":true,"href":"https:\/\/www.ldlgroup.be\/fr\/wp-json\/wp\/v2\/comments?post=245"}],"version-history":[{"count":13,"href":"https:\/\/www.ldlgroup.be\/fr\/wp-json\/wp\/v2\/pages\/245\/revisions"}],"predecessor-version":[{"id":370,"href":"https:\/\/www.ldlgroup.be\/fr\/wp-json\/wp\/v2\/pages\/245\/revisions\/370"}],"wp:attachment":[{"href":"https:\/\/www.ldlgroup.be\/fr\/wp-json\/wp\/v2\/media?parent=245"}],"curies":[{"name":"wp","href":"https:\/\/api.w.org\/{rel}","templated":true}]}}