{"id":451,"date":"2024-01-19T13:35:27","date_gmt":"2024-01-19T12:35:27","guid":{"rendered":"https:\/\/www.ldlgroup.be\/?page_id=451"},"modified":"2024-01-19T13:45:25","modified_gmt":"2024-01-19T12:45:25","slug":"duurzaamheid","status":"publish","type":"page","link":"https:\/\/www.ldlgroup.be\/fr\/duurzaamheid","title":{"rendered":"Durabilit\u00e9"},"content":{"rendered":"<div data-elementor-type=\"wp-page\" data-elementor-id=\"451\" class=\"elementor elementor-451\" data-elementor-post-type=\"page\">\n\t\t\t\t<div class=\"elementor-element elementor-element-c8c254f e-con-full e-flex e-con e-parent\" data-id=\"c8c254f\" data-element_type=\"container\" data-e-type=\"container\" data-settings=\"{&quot;background_background&quot;:&quot;classic&quot;}\">\n\t\t<div class=\"elementor-element elementor-element-91579f7 e-con-full e-flex e-con e-child\" data-id=\"91579f7\" data-element_type=\"container\" data-e-type=\"container\">\n\t\t\t\t<div class=\"elementor-element elementor-element-d04b0b1 elementor-widget elementor-widget-heading\" data-id=\"d04b0b1\" data-element_type=\"widget\" data-e-type=\"widget\" data-widget_type=\"heading.default\">\n\t\t\t\t<div class=\"elementor-widget-container\">\n\t\t\t\t\t<h1 class=\"elementor-heading-title elementor-size-default\">Durabilit\u00e9<\/h1>\t\t\t\t<\/div>\n\t\t\t\t<\/div>\n\t\t\t\t<\/div>\n\t\t<div class=\"elementor-element elementor-element-6b0efa5 e-con-full elementor-hidden-mobile e-flex e-con e-child\" data-id=\"6b0efa5\" data-element_type=\"container\" data-e-type=\"container\">\n\t\t\t\t<\/div>\n\t\t\t\t<\/div>\n\t\t<div class=\"elementor-element elementor-element-1b14fa2 e-grid e-con-full e-con e-parent\" data-id=\"1b14fa2\" data-element_type=\"container\" data-e-type=\"container\">\n\t\t<div class=\"elementor-element elementor-element-e341078 animated-slow e-flex e-con-boxed elementor-invisible e-con e-child\" data-id=\"e341078\" data-element_type=\"container\" data-e-type=\"container\" data-settings=\"{&quot;animation&quot;:&quot;fadeInLeft&quot;,&quot;animation_delay&quot;:250}\">\n\t\t\t\t\t<div class=\"e-con-inner\">\n\t\t\t\t<div class=\"elementor-element elementor-element-882056b elementor-widget elementor-widget-image\" data-id=\"882056b\" data-element_type=\"widget\" data-e-type=\"widget\" data-widget_type=\"image.default\">\n\t\t\t\t<div class=\"elementor-widget-container\">\n\t\t\t\t\t\t\t\t\t\t\t\t\t\t\t<img fetchpriority=\"high\" decoding=\"async\" width=\"1024\" height=\"924\" src=\"https:\/\/www.ldlgroup.be\/wp-content\/uploads\/2024\/01\/Voka-1024x924.jpg\" class=\"attachment-large size-large wp-image-457\" alt=\"\" srcset=\"https:\/\/www.ldlgroup.be\/wp-content\/uploads\/2024\/01\/Voka-1024x924.jpg 1024w, https:\/\/www.ldlgroup.be\/wp-content\/uploads\/2024\/01\/Voka-300x271.jpg 300w, https:\/\/www.ldlgroup.be\/wp-content\/uploads\/2024\/01\/Voka-768x693.jpg 768w, https:\/\/www.ldlgroup.be\/wp-content\/uploads\/2024\/01\/Voka-13x12.jpg 13w, https:\/\/www.ldlgroup.be\/wp-content\/uploads\/2024\/01\/Voka.jpg 1285w\" sizes=\"(max-width: 1024px) 100vw, 1024px\" \/>\t\t\t\t\t\t\t\t\t\t\t\t\t\t\t<\/div>\n\t\t\t\t<\/div>\n\t\t\t\t\t<\/div>\n\t\t\t\t<\/div>\n\t\t<div class=\"elementor-element elementor-element-f6ecfc9 animated-slow e-flex e-con-boxed elementor-invisible e-con e-child\" data-id=\"f6ecfc9\" data-element_type=\"container\" data-e-type=\"container\" data-settings=\"{&quot;animation&quot;:&quot;fadeInLeft&quot;}\">\n\t\t\t\t\t<div class=\"e-con-inner\">\n\t\t\t\t<div class=\"elementor-element elementor-element-5dc4184 elementor-widget elementor-widget-heading\" data-id=\"5dc4184\" data-element_type=\"widget\" data-e-type=\"widget\" data-widget_type=\"heading.default\">\n\t\t\t\t<div class=\"elementor-widget-container\">\n\t\t\t\t\t<h2 class=\"elementor-heading-title elementor-size-default\">Durabilit\u00e9<\/h2>\t\t\t\t<\/div>\n\t\t\t\t<\/div>\n\t\t\t\t<div class=\"elementor-element elementor-element-c891fac elementor-widget elementor-widget-text-editor\" data-id=\"c891fac\" data-element_type=\"widget\" data-e-type=\"widget\" data-widget_type=\"text-editor.default\">\n\t\t\t\t<div class=\"elementor-widget-container\">\n\t\t\t\t\t\t\t\t\t<p>LDL Group est votre partenaire en solutions durables pour les processus de lavage et de s\u00e9chage professionnels. En tant qu'entreprise familiale avec plus de trois d\u00e9cennies d'exp\u00e9rience, nous visons l'excellence dans notre secteur. Chez LDL Group, les principes de People, Planet et Profit sont au c\u0153ur de notre philosophie d'entreprise.\u00a0<\/p><p>Nous croyons fermement en la puissance de la durabilit\u00e9 et de l'impact qu'elle peut avoir tant sur nos activit\u00e9s que sur la soci\u00e9t\u00e9 dans son ensemble. Dans le contexte actuel, la durabilit\u00e9 n'est plus simplement une tendance passag\u00e8re ; elle est devenue un fondement essentiel pour les entreprises du monde entier.\u00a0<\/p><p>C'est pourquoi nous nous sommes engag\u00e9s \u00e0 fournir des solutions \u00e9cologiquement responsables pour l'entretien textile professionnel.<\/p>\t\t\t\t\t\t\t\t<\/div>\n\t\t\t\t<\/div>\n\t\t\t\t\t<\/div>\n\t\t\t\t<\/div>\n\t\t\t\t<\/div>\n\t\t<div class=\"elementor-element elementor-element-67aa4ff e-grid e-con-full e-con e-parent\" data-id=\"67aa4ff\" data-element_type=\"container\" data-e-type=\"container\" data-settings=\"{&quot;background_background&quot;:&quot;classic&quot;}\">\n\t\t<div class=\"elementor-element elementor-element-44f4503 animated-slow e-flex e-con-boxed elementor-invisible e-con e-child\" data-id=\"44f4503\" data-element_type=\"container\" data-e-type=\"container\" data-settings=\"{&quot;animation&quot;:&quot;fadeInRight&quot;}\">\n\t\t\t\t\t<div class=\"e-con-inner\">\n\t\t\t\t<div class=\"elementor-element elementor-element-e2275d8 elementor-widget elementor-widget-heading\" data-id=\"e2275d8\" data-element_type=\"widget\" data-e-type=\"widget\" data-widget_type=\"heading.default\">\n\t\t\t\t<div class=\"elementor-widget-container\">\n\t\t\t\t\t<h2 class=\"elementor-heading-title elementor-size-default\">Notre approche<\/h2>\t\t\t\t<\/div>\n\t\t\t\t<\/div>\n\t\t\t\t<div class=\"elementor-element elementor-element-5c6fd1f elementor-widget elementor-widget-text-editor\" data-id=\"5c6fd1f\" data-element_type=\"widget\" data-e-type=\"widget\" data-widget_type=\"text-editor.default\">\n\t\t\t\t<div class=\"elementor-widget-container\">\n\t\t\t\t\t\t\t\t\t<p>Notre gamme de machines \u00e0 laver et s\u00e9cher, d'\u00e9quipements de repassage et de finition est soigneusement s\u00e9lectionn\u00e9e en fonction de l'efficacit\u00e9 \u00e9nerg\u00e9tique et de l'\u00e9cologie, contribuant ainsi \u00e0 la pr\u00e9servation de notre plan\u00e8te. Parall\u00e8lement, nous nous concentrons sur le bien-\u00eatre des personnes en offrant des solutions durables globales qui r\u00e9pondent non seulement aux besoins op\u00e9rationnels, mais garantissent \u00e9galement la sant\u00e9 et la s\u00e9curit\u00e9 des utilisateurs. <\/p><p>Un aspect cl\u00e9 de nos efforts en mati\u00e8re de durabilit\u00e9 est ax\u00e9 sur l'\u00e9conomie pour nos clients. En int\u00e9grant des technologies innovantes et en proposant des solutions \u00e9nerg\u00e9tiquement efficaces, nous aidons les entreprises \u00e0 r\u00e9duire leurs co\u00fbts op\u00e9rationnels, ce qui se traduit non seulement par un impact positif sur l'environnement, mais aussi par une rentabilit\u00e9 am\u00e9lior\u00e9e.<\/p>\t\t\t\t\t\t\t\t<\/div>\n\t\t\t\t<\/div>\n\t\t\t\t\t<\/div>\n\t\t\t\t<\/div>\n\t\t<div class=\"elementor-element elementor-element-6e3dbfb animated-slow e-flex e-con-boxed elementor-invisible e-con e-child\" data-id=\"6e3dbfb\" data-element_type=\"container\" data-e-type=\"container\" data-settings=\"{&quot;animation&quot;:&quot;fadeInRight&quot;,&quot;animation_delay&quot;:250}\">\n\t\t\t\t\t<div class=\"e-con-inner\">\n\t\t\t\t<div class=\"elementor-element elementor-element-d707c82 elementor-widget elementor-widget-image\" data-id=\"d707c82\" data-element_type=\"widget\" data-e-type=\"widget\" data-widget_type=\"image.default\">\n\t\t\t\t<div class=\"elementor-widget-container\">\n\t\t\t\t\t\t\t\t\t\t\t\t\t\t\t<img decoding=\"async\" width=\"639\" height=\"426\" src=\"https:\/\/www.ldlgroup.be\/wp-content\/uploads\/2024\/01\/wasmachine.png\" class=\"attachment-large size-large wp-image-337\" alt=\"\" srcset=\"https:\/\/www.ldlgroup.be\/wp-content\/uploads\/2024\/01\/wasmachine.png 639w, https:\/\/www.ldlgroup.be\/wp-content\/uploads\/2024\/01\/wasmachine-300x200.png 300w, https:\/\/www.ldlgroup.be\/wp-content\/uploads\/2024\/01\/wasmachine-18x12.png 18w\" sizes=\"(max-width: 639px) 100vw, 639px\" \/>\t\t\t\t\t\t\t\t\t\t\t\t\t\t\t<\/div>\n\t\t\t\t<\/div>\n\t\t\t\t\t<\/div>\n\t\t\t\t<\/div>\n\t\t\t\t<\/div>\n\t\t<div class=\"elementor-element elementor-element-b2e24bd e-grid e-con-full e-con e-parent\" data-id=\"b2e24bd\" data-element_type=\"container\" data-e-type=\"container\">\n\t\t<div class=\"elementor-element elementor-element-5effb4f animated-slow e-flex e-con-boxed elementor-invisible e-con e-child\" data-id=\"5effb4f\" data-element_type=\"container\" data-e-type=\"container\" data-settings=\"{&quot;animation&quot;:&quot;fadeInLeft&quot;,&quot;animation_delay&quot;:250}\">\n\t\t\t\t\t<div class=\"e-con-inner\">\n\t\t\t\t<div class=\"elementor-element elementor-element-b16017d elementor-widget elementor-widget-image\" data-id=\"b16017d\" data-element_type=\"widget\" data-e-type=\"widget\" data-widget_type=\"image.default\">\n\t\t\t\t<div class=\"elementor-widget-container\">\n\t\t\t\t\t\t\t\t\t\t\t\t\t\t\t<img decoding=\"async\" width=\"599\" height=\"449\" src=\"https:\/\/www.ldlgroup.be\/wp-content\/uploads\/2024\/01\/Duurzaamheid-content.jpg\" class=\"attachment-medium_large size-medium_large wp-image-468\" alt=\"\" srcset=\"https:\/\/www.ldlgroup.be\/wp-content\/uploads\/2024\/01\/Duurzaamheid-content.jpg 599w, https:\/\/www.ldlgroup.be\/wp-content\/uploads\/2024\/01\/Duurzaamheid-content-300x225.jpg 300w, https:\/\/www.ldlgroup.be\/wp-content\/uploads\/2024\/01\/Duurzaamheid-content-16x12.jpg 16w\" sizes=\"(max-width: 599px) 100vw, 599px\" \/>\t\t\t\t\t\t\t\t\t\t\t\t\t\t\t<\/div>\n\t\t\t\t<\/div>\n\t\t\t\t\t<\/div>\n\t\t\t\t<\/div>\n\t\t<div class=\"elementor-element elementor-element-a178a62 animated-slow e-flex e-con-boxed elementor-invisible e-con e-child\" data-id=\"a178a62\" data-element_type=\"container\" data-e-type=\"container\" data-settings=\"{&quot;animation&quot;:&quot;fadeInLeft&quot;}\">\n\t\t\t\t\t<div class=\"e-con-inner\">\n\t\t\t\t<div class=\"elementor-element elementor-element-62303ee elementor-widget elementor-widget-heading\" data-id=\"62303ee\" data-element_type=\"widget\" data-e-type=\"widget\" data-widget_type=\"heading.default\">\n\t\t\t\t<div class=\"elementor-widget-container\">\n\t\t\t\t\t<h2 class=\"elementor-heading-title elementor-size-default\">Nos employ\u00e9s<\/h2>\t\t\t\t<\/div>\n\t\t\t\t<\/div>\n\t\t\t\t<div class=\"elementor-element elementor-element-4143df0 elementor-widget elementor-widget-text-editor\" data-id=\"4143df0\" data-element_type=\"widget\" data-e-type=\"widget\" data-widget_type=\"text-editor.default\">\n\t\t\t\t<div class=\"elementor-widget-container\">\n\t\t\t\t\t\t\t\t\t<p>Le bien-\u00eatre de nos collaborateurs occupe une place pr\u00e9pond\u00e9rante pour nous. \u00c0 travers des sessions \u00e9ducatives et des opportunit\u00e9s de formation, nous visons \u00e0 cr\u00e9er un environnement dans lequel nos employ\u00e9s peuvent se d\u00e9velopper personnellement. Nous mettons l'accent sur l'offre d'exp\u00e9riences d'apprentissage et d'opportunit\u00e9s de croissance professionnelle, permettant ainsi aux individus d'\u00e9largir leurs comp\u00e9tences et leurs connaissances. Ainsi, nous garantissons non seulement un environnement de travail sain, mais nous encourageons \u00e9galement une culture de croissance continue et de bien-\u00eatre pour tous nos collaborateurs. Nous croyons qu'un employ\u00e9 investi et satisfait contribue au succ\u00e8s et \u00e0 la r\u00e9silience de notre organisation.<\/p>\t\t\t\t\t\t\t\t<\/div>\n\t\t\t\t<\/div>\n\t\t\t\t\t<\/div>\n\t\t\t\t<\/div>\n\t\t\t\t<\/div>\n\t\t<div class=\"elementor-element elementor-element-b20c476 e-grid e-con-full e-con e-parent\" data-id=\"b20c476\" data-element_type=\"container\" data-e-type=\"container\" data-settings=\"{&quot;background_background&quot;:&quot;classic&quot;}\">\n\t\t<div class=\"elementor-element elementor-element-81e2077 animated-slow e-flex e-con-boxed elementor-invisible e-con e-child\" data-id=\"81e2077\" data-element_type=\"container\" data-e-type=\"container\" data-settings=\"{&quot;animation&quot;:&quot;fadeInRight&quot;}\">\n\t\t\t\t\t<div class=\"e-con-inner\">\n\t\t\t\t<div class=\"elementor-element elementor-element-1e92d65 elementor-widget elementor-widget-heading\" data-id=\"1e92d65\" data-element_type=\"widget\" data-e-type=\"widget\" data-widget_type=\"heading.default\">\n\t\t\t\t<div class=\"elementor-widget-container\">\n\t\t\t\t\t<h2 class=\"elementor-heading-title elementor-size-default\">Nos r\u00e9alisations<\/h2>\t\t\t\t<\/div>\n\t\t\t\t<\/div>\n\t\t\t\t<div class=\"elementor-element elementor-element-48a35fa elementor-widget elementor-widget-text-editor\" data-id=\"48a35fa\" data-element_type=\"widget\" data-e-type=\"widget\" data-widget_type=\"text-editor.default\">\n\t\t\t\t<div class=\"elementor-widget-container\">\n\t\t\t\t\t\t\t\t\t<p>Nous attachons une grande importance \u00e0 la pr\u00e9servation de notre vision de la durabilit\u00e9 et nous partageons avec fiert\u00e9 nos r\u00e9alisations. Notre charte de durabilit\u00e9 de VOKA et l'attribution de la m\u00e9daille d'argent par EcoVadis t\u00e9moignent de nos efforts significatifs en mati\u00e8re de d\u00e9veloppement durable. Ces reconnaissances confirment non seulement notre engagement envers la durabilit\u00e9, mais servent \u00e9galement de motivation pour intensifier davantage nos efforts. Recevoir ces distinctions est pour nous un encouragement \u00e0 continuer \u00e0 \u0153uvrer en permanence pour un avenir plus durable, contribuant ainsi \u00e0 un mod\u00e8le commercial respectueux de l'environnement et responsable.<\/p>\t\t\t\t\t\t\t\t<\/div>\n\t\t\t\t<\/div>\n\t\t\t\t<div class=\"elementor-element elementor-element-7000384 elementor-widget elementor-widget-button\" data-id=\"7000384\" data-element_type=\"widget\" data-e-type=\"widget\" data-widget_type=\"button.default\">\n\t\t\t\t<div class=\"elementor-widget-container\">\n\t\t\t\t\t\t\t\t\t<div class=\"elementor-button-wrapper\">\n\t\t\t\t\t<a class=\"elementor-button elementor-button-link elementor-size-sm\" href=\"https:\/\/www.ldlgroup.be\/fr\/contact\/\" target=\"_blank\">\n\t\t\t\t\t\t<span class=\"elementor-button-content-wrapper\">\n\t\t\t\t\t\t\t\t\t<span class=\"elementor-button-text\">Contact<\/span>\n\t\t\t\t\t<\/span>\n\t\t\t\t\t<\/a>\n\t\t\t\t<\/div>\n\t\t\t\t\t\t\t\t<\/div>\n\t\t\t\t<\/div>\n\t\t\t\t\t<\/div>\n\t\t\t\t<\/div>\n\t\t<div class=\"elementor-element elementor-element-661c4cb animated-slow e-flex e-con-boxed elementor-invisible e-con e-child\" data-id=\"661c4cb\" data-element_type=\"container\" data-e-type=\"container\" data-settings=\"{&quot;animation&quot;:&quot;fadeInRight&quot;,&quot;animation_delay&quot;:250}\">\n\t\t\t\t\t<div class=\"e-con-inner\">\n\t\t\t\t<div class=\"elementor-element elementor-element-2a4fa27 elementor-widget elementor-widget-image\" data-id=\"2a4fa27\" data-element_type=\"widget\" data-e-type=\"widget\" data-widget_type=\"image.default\">\n\t\t\t\t<div class=\"elementor-widget-container\">\n\t\t\t\t\t\t\t\t\t\t\t\t\t\t\t<img loading=\"lazy\" decoding=\"async\" width=\"768\" height=\"768\" src=\"https:\/\/www.ldlgroup.be\/wp-content\/uploads\/2024\/01\/MEDAL-768x768.png\" class=\"attachment-medium_large size-medium_large wp-image-458\" alt=\"\" srcset=\"https:\/\/www.ldlgroup.be\/wp-content\/uploads\/2024\/01\/MEDAL-768x768.png 768w, https:\/\/www.ldlgroup.be\/wp-content\/uploads\/2024\/01\/MEDAL-300x300.png 300w, https:\/\/www.ldlgroup.be\/wp-content\/uploads\/2024\/01\/MEDAL-1024x1024.png 1024w, https:\/\/www.ldlgroup.be\/wp-content\/uploads\/2024\/01\/MEDAL-150x150.png 150w, https:\/\/www.ldlgroup.be\/wp-content\/uploads\/2024\/01\/MEDAL-1536x1536.png 1536w, https:\/\/www.ldlgroup.be\/wp-content\/uploads\/2024\/01\/MEDAL-12x12.png 12w, https:\/\/www.ldlgroup.be\/wp-content\/uploads\/2024\/01\/MEDAL.png 1667w\" sizes=\"(max-width: 768px) 100vw, 768px\" \/>\t\t\t\t\t\t\t\t\t\t\t\t\t\t\t<\/div>\n\t\t\t\t<\/div>\n\t\t\t\t\t<\/div>\n\t\t\t\t<\/div>\n\t\t\t\t<\/div>\n\t\t\t\t<\/div>","protected":false},"excerpt":{"rendered":"<p>Duurzaamheid LDL Group is uw partner in duurzame oplossingen voor professionele was- en droogprocessen. Als een familiebedrijf met meer dan drie decennia aan ervaring streven we naar excellentie in onze sector. Bij LDL Group staan de principes van People, Planet en Profit centraal in onze bedrijfsfilosofie.\u00a0 We geloven sterk in de kracht van duurzaamheid en &#8230; <a title=\"Durabilit\u00e9\" class=\"read-more\" href=\"https:\/\/www.ldlgroup.be\/fr\/duurzaamheid\" aria-label=\"En savoir plus sur Duurzaamheid\">Lire la suite<\/a><\/p>","protected":false},"author":1,"featured_media":0,"parent":0,"menu_order":0,"comment_status":"closed","ping_status":"closed","template":"","meta":{"_acf_changed":false,"footnotes":""},"class_list":["post-451","page","type-page","status-publish"],"acf":[],"_links":{"self":[{"href":"https:\/\/www.ldlgroup.be\/fr\/wp-json\/wp\/v2\/pages\/451","targetHints":{"allow":["GET"]}}],"collection":[{"href":"https:\/\/www.ldlgroup.be\/fr\/wp-json\/wp\/v2\/pages"}],"about":[{"href":"https:\/\/www.ldlgroup.be\/fr\/wp-json\/wp\/v2\/types\/page"}],"author":[{"embeddable":true,"href":"https:\/\/www.ldlgroup.be\/fr\/wp-json\/wp\/v2\/users\/1"}],"replies":[{"embeddable":true,"href":"https:\/\/www.ldlgroup.be\/fr\/wp-json\/wp\/v2\/comments?post=451"}],"version-history":[{"count":13,"href":"https:\/\/www.ldlgroup.be\/fr\/wp-json\/wp\/v2\/pages\/451\/revisions"}],"predecessor-version":[{"id":472,"href":"https:\/\/www.ldlgroup.be\/fr\/wp-json\/wp\/v2\/pages\/451\/revisions\/472"}],"wp:attachment":[{"href":"https:\/\/www.ldlgroup.be\/fr\/wp-json\/wp\/v2\/media?parent=451"}],"curies":[{"name":"wp","href":"https:\/\/api.w.org\/{rel}","templated":true}]}}